{"id":102,"date":"2023-10-09T15:41:43","date_gmt":"2023-10-09T15:41:43","guid":{"rendered":"https:\/\/ertms.pl\/?page_id=102"},"modified":"2026-03-14T19:57:40","modified_gmt":"2026-03-14T19:57:40","slug":"main","status":"publish","type":"page","link":"https:\/\/ertms.pl\/","title":{"rendered":""},"content":{"rendered":"\n<p>Europejski System Zarz\u0105dzania Ruchem Kolejowym (ERTMS) powsta\u0142 w celu ujednolicenia kolei w Europie. Ponad 30 lat prac nad systemem ERTMS zaowocowa\u0142o wdro\u017ceniem systemu nie tylko w pa\u0144stwach europejskich, lecz tak\u017ce na ca\u0142ym \u015bwiecie. Przydomek \u201eeuropejski\u201d nie oznacza, \u017ce system zosta\u0142 stworzony tylko dla kraj\u00f3w Unii Europejskiej. \u201eEuropejskie\u201d s\u0105 dopuszczenia rozwi\u0105za\u0144 technicznych oraz procedury oceny wyrob\u00f3w przez jednostki, kt\u00f3re s\u0105 uznane w Europie za kompetentne w odniesieniu do oceny spe\u0142niania wymaga\u0144 zwi\u0105zanych z wydanymi przez Uni\u0119 Europejsk\u0105 dyrektywami. Je\u015bli jaki\u015b kraj (zarz\u0105d kolei) spoza Europy jest zdolny zaakceptowa\u0107 europejskie rozwi\u0105zania, z powodzeniem mo\u017ce wdro\u017cy\u0107 system ERTMS na swojej kolei. <\/p>\n\n\n\n<p>Na system ERTMS sk\u0142adaj\u0105 si\u0119: <\/p>\n\n\n\n<ul class=\"wp-block-list\">\n<li>ETCS &#8211; Europejski System Sterowania Poci\u0105giem,<\/li>\n\n\n\n<li>GSM-R &#8211; Globalny System Radio\u0142\u0105czno\u015bci dla Kolei.<\/li>\n<\/ul>\n\n\n\n<p>System ETCS w du\u017cym uproszczeniu zapewnia sygnalizacj\u0119 kabinow\u0105, kt\u00f3rej nigdy w Polsce na szerok\u0105 skal\u0119 nie stosowano. System GSM-R s\u0142u\u017cy do radio\u0142\u0105czno\u015bci g\u0142osowej oraz przesy\u0142ania informacji drog\u0105 radiow\u0105 dla potrzeb ETCS. <\/p>\n\n\n\n<p>Serwis ertms.pl powsta\u0142 w celu popularyzowania wiedzy o ERTMS. Wiedza zawarta na stronie www.ertms.pl jest dost\u0119pna w j\u0119zyku polskim i przede wszystkim ma by\u0107 przekazywana w najprostszy, zrozumia\u0142y dla ka\u017cdego spos\u00f3b. <\/p>\n\n\n\n<p>Serwis ertms.pl to:<\/p>\n\n\n\n<ul class=\"wp-block-list\">\n<li>informacje og\u00f3lne o ERTMS, a tak\u017ce przyk\u0142ady realizacji w Polsce i na \u015bwiecie,<\/li>\n\n\n\n<li>cyberbezpiecze\u0144stwo kolei,<\/li>\n\n\n\n<li>interoperacyjno\u015b\u0107,<\/li>\n\n\n\n<li>koleje du\u017cych pr\u0119dko\u015bci (high-speed),<\/li>\n\n\n\n<li>materia\u0142y w formie prezentacji, <\/li>\n\n\n\n<li>scenariusze operacyjne, <\/li>\n\n\n\n<li>propozycja szkole\u0144 z zakresu ERTMS. <\/li>\n<\/ul>\n\n\n\n<p>Kontakt: cabside@ertms.pl<\/p>\n","protected":false},"excerpt":{"rendered":"<p>Europejski System Zarz\u0105dzania Ruchem Kolejowym (ERTMS) powsta\u0142 w celu ujednolicenia kolei w Europie. Ponad 30 lat prac nad systemem ERTMS zaowocowa\u0142o wdro\u017ceniem systemu nie tylko w pa\u0144stwach europejskich, lecz tak\u017ce na ca\u0142ym \u015bwiecie. Przydomek \u201eeuropejski\u201d nie oznacza, \u017ce system zosta\u0142 stworzony tylko dla kraj\u00f3w Unii Europejskiej. \u201eEuropejskie\u201d s\u0105 dopuszczenia rozwi\u0105za\u0144 technicznych oraz procedury oceny wyrob\u00f3w [&hellip;]<\/p>\n","protected":false},"author":1,"featured_media":0,"parent":0,"menu_order":0,"comment_status":"closed","ping_status":"closed","template":"","meta":{"footnotes":""},"class_list":["post-102","page","type-page","status-publish","hentry","entry"],"_links":{"self":[{"href":"https:\/\/ertms.pl\/index.php?rest_route=\/wp\/v2\/pages\/102","targetHints":{"allow":["GET"]}}],"collection":[{"href":"https:\/\/ertms.pl\/index.php?rest_route=\/wp\/v2\/pages"}],"about":[{"href":"https:\/\/ertms.pl\/index.php?rest_route=\/wp\/v2\/types\/page"}],"author":[{"embeddable":true,"href":"https:\/\/ertms.pl\/index.php?rest_route=\/wp\/v2\/users\/1"}],"replies":[{"embeddable":true,"href":"https:\/\/ertms.pl\/index.php?rest_route=%2Fwp%2Fv2%2Fcomments&post=102"}],"version-history":[{"count":5,"href":"https:\/\/ertms.pl\/index.php?rest_route=\/wp\/v2\/pages\/102\/revisions"}],"predecessor-version":[{"id":162,"href":"https:\/\/ertms.pl\/index.php?rest_route=\/wp\/v2\/pages\/102\/revisions\/162"}],"wp:attachment":[{"href":"https:\/\/ertms.pl\/index.php?rest_route=%2Fwp%2Fv2%2Fmedia&parent=102"}],"curies":[{"name":"wp","href":"https:\/\/api.w.org\/{rel}","templated":true}]}}