{"id":133,"date":"2023-10-09T17:56:02","date_gmt":"2023-10-09T17:56:02","guid":{"rendered":"https:\/\/ertms.pl\/?page_id=133"},"modified":"2023-10-09T17:56:03","modified_gmt":"2023-10-09T17:56:03","slug":"poziom-0","status":"publish","type":"page","link":"https:\/\/ertms.pl\/?page_id=133","title":{"rendered":"Poziom 0"},"content":{"rendered":"\n<p>Poziom 0 jest poziomem pomocniczym. Jazda poci\u0105gu wyposa\u017conego w urz\u0105dzenia pok\u0142adowe odbywa si\u0119 po infrastrukturze bez zabudowanego systemu ETCS. Poziom 0 wykorzystuje si\u0119 podczas przejazdu poci\u0105g\u00f3w z wyposa\u017ceniem pok\u0142adowym systemu ETCS oraz zabudowanymi urz\u0105dzeniami systemu narodowego, lecz bez modu\u0142u STM (Specific Transmission Module), kt\u00f3ry umo\u017cliwi\u0142by odczyt informacji z urz\u0105dze\u0144 przytorowych systemu klasy B. W takim przypadku urz\u0105dzenia pok\u0142adowe ograniczaj\u0105 si\u0119 tylko do nadzorowania pr\u0119dko\u015bci maksymalnej dla obszaru niewyposa\u017conego. Pr\u0119dko\u015b\u0107 maksymalna dla obszaru niewyposa\u017conego ustalana jest przez ka\u017cdego zarz\u0105dc\u0119 infrastruktury indywidualnie jako zmienna narodowa.<\/p>\n","protected":false},"excerpt":{"rendered":"<p>Poziom 0 jest poziomem pomocniczym. Jazda poci\u0105gu wyposa\u017conego w urz\u0105dzenia pok\u0142adowe odbywa si\u0119 po infrastrukturze bez zabudowanego systemu ETCS. Poziom 0 wykorzystuje si\u0119 podczas przejazdu poci\u0105g\u00f3w z wyposa\u017ceniem pok\u0142adowym systemu ETCS oraz zabudowanymi urz\u0105dzeniami systemu narodowego, lecz bez modu\u0142u STM (Specific Transmission Module), kt\u00f3ry umo\u017cliwi\u0142by odczyt informacji z urz\u0105dze\u0144 przytorowych systemu klasy B. W takim [&hellip;]<\/p>\n","protected":false},"author":1,"featured_media":0,"parent":0,"menu_order":0,"comment_status":"closed","ping_status":"closed","template":"","meta":{"footnotes":""},"class_list":["post-133","page","type-page","status-publish","hentry","entry"],"_links":{"self":[{"href":"https:\/\/ertms.pl\/index.php?rest_route=\/wp\/v2\/pages\/133","targetHints":{"allow":["GET"]}}],"collection":[{"href":"https:\/\/ertms.pl\/index.php?rest_route=\/wp\/v2\/pages"}],"about":[{"href":"https:\/\/ertms.pl\/index.php?rest_route=\/wp\/v2\/types\/page"}],"author":[{"embeddable":true,"href":"https:\/\/ertms.pl\/index.php?rest_route=\/wp\/v2\/users\/1"}],"replies":[{"embeddable":true,"href":"https:\/\/ertms.pl\/index.php?rest_route=%2Fwp%2Fv2%2Fcomments&post=133"}],"version-history":[{"count":1,"href":"https:\/\/ertms.pl\/index.php?rest_route=\/wp\/v2\/pages\/133\/revisions"}],"predecessor-version":[{"id":134,"href":"https:\/\/ertms.pl\/index.php?rest_route=\/wp\/v2\/pages\/133\/revisions\/134"}],"wp:attachment":[{"href":"https:\/\/ertms.pl\/index.php?rest_route=%2Fwp%2Fv2%2Fmedia&parent=133"}],"curies":[{"name":"wp","href":"https:\/\/api.w.org\/{rel}","templated":true}]}}