{"id":135,"date":"2023-10-09T17:56:37","date_gmt":"2023-10-09T17:56:37","guid":{"rendered":"https:\/\/ertms.pl\/?page_id=135"},"modified":"2023-10-09T17:56:37","modified_gmt":"2023-10-09T17:56:37","slug":"poziom-stm","status":"publish","type":"page","link":"https:\/\/ertms.pl\/?page_id=135","title":{"rendered":"Poziom STM"},"content":{"rendered":"\n<p>Poziom STM jest drugim poziomem pomocniczym. Poci\u0105g nadal porusza si\u0119 po infrastrukturze, kt\u00f3ra nie jest wyposa\u017cona w system ERTMS\/ETCS. W por\u00f3wnaniu do poziomu 0 r\u00f3\u017cni si\u0119 jednak wyposa\u017cenie pok\u0142adowe, kt\u00f3re zawiera modu\u0142 STM umo\u017cliwiaj\u0105cy odczyt informacji z infrastruktury wyposa\u017conej w sygnalizacj\u0119 klasy B, tym samym pozwalaj\u0105c na funkcjonowanie urz\u0105dze\u0144 systemu klasy A &#8211; ETCS.<\/p>\n","protected":false},"excerpt":{"rendered":"<p>Poziom STM jest drugim poziomem pomocniczym. Poci\u0105g nadal porusza si\u0119 po infrastrukturze, kt\u00f3ra nie jest wyposa\u017cona w system ERTMS\/ETCS. W por\u00f3wnaniu do poziomu 0 r\u00f3\u017cni si\u0119 jednak wyposa\u017cenie pok\u0142adowe, kt\u00f3re zawiera modu\u0142 STM umo\u017cliwiaj\u0105cy odczyt informacji z infrastruktury wyposa\u017conej w sygnalizacj\u0119 klasy B, tym samym pozwalaj\u0105c na funkcjonowanie urz\u0105dze\u0144 systemu klasy A &#8211; ETCS.<\/p>\n","protected":false},"author":1,"featured_media":0,"parent":0,"menu_order":0,"comment_status":"closed","ping_status":"closed","template":"","meta":{"footnotes":""},"class_list":["post-135","page","type-page","status-publish","hentry","entry"],"_links":{"self":[{"href":"https:\/\/ertms.pl\/index.php?rest_route=\/wp\/v2\/pages\/135","targetHints":{"allow":["GET"]}}],"collection":[{"href":"https:\/\/ertms.pl\/index.php?rest_route=\/wp\/v2\/pages"}],"about":[{"href":"https:\/\/ertms.pl\/index.php?rest_route=\/wp\/v2\/types\/page"}],"author":[{"embeddable":true,"href":"https:\/\/ertms.pl\/index.php?rest_route=\/wp\/v2\/users\/1"}],"replies":[{"embeddable":true,"href":"https:\/\/ertms.pl\/index.php?rest_route=%2Fwp%2Fv2%2Fcomments&post=135"}],"version-history":[{"count":1,"href":"https:\/\/ertms.pl\/index.php?rest_route=\/wp\/v2\/pages\/135\/revisions"}],"predecessor-version":[{"id":136,"href":"https:\/\/ertms.pl\/index.php?rest_route=\/wp\/v2\/pages\/135\/revisions\/136"}],"wp:attachment":[{"href":"https:\/\/ertms.pl\/index.php?rest_route=%2Fwp%2Fv2%2Fmedia&parent=135"}],"curies":[{"name":"wp","href":"https:\/\/api.w.org\/{rel}","templated":true}]}}