{"id":137,"date":"2023-10-09T17:57:57","date_gmt":"2023-10-09T17:57:57","guid":{"rendered":"https:\/\/ertms.pl\/?page_id=137"},"modified":"2023-10-09T17:57:57","modified_gmt":"2023-10-09T17:57:57","slug":"poziom-1","status":"publish","type":"page","link":"https:\/\/ertms.pl\/?page_id=137","title":{"rendered":"Poziom 1"},"content":{"rendered":"\n<p>Poziom 1 systemu ETCS jest poziomem wst\u0119pnym, stanowi\u0105cym nak\u0142adk\u0119 na urz\u0105dzenia stacyjne oraz liniowe. Poziom ten zabezpiecza jazd\u0119 poci\u0105gu poprzez niedopuszczenie jazdy poci\u0105gu z pr\u0119dko\u015bci\u0105 wi\u0119ksz\u0105 ni\u017c dopuszczalna na danym odcinku linii kolejowej oraz zapewnienie, \u017ce poci\u0105g nie przejedzie poza miejsce wyznaczonego zatrzymania. Do urz\u0105dze\u0144 zamontowanych na lokomotywie wyposa\u017conej w system ETCS poziomu 1 zaliczamy: komputer bezpieczny (EVC \u2013 European Vital Computer), komputer obs\u0142uguj\u0105cy (MC \u2013 Maintenance Computer), rejestrator prawny (JRU \u2013 Juridical Recording Unit), odometr (jednostk\u0119 pomiaru drogi i czasu) oraz anten\u0119 s\u0142u\u017c\u0105c\u0105 do odbioru informacji z eurobalis u\u0142o\u017conych w torze. Opcjonalnie do wyposa\u017cenia poci\u0105gu mo\u017cna do\u0142\u0105czy\u0107 urz\u0105dzenia do odbioru informacji z europ\u0119tli (uaktualnienie punktowo-ci\u0105g\u0142e) oraz cyfrowe urz\u0105dzenia radiowe (uaktualnienie za pomoc\u0105 systemu GSM-R). Tor w konfiguracji poziomu 1 wyposa\u017cony jest w eurobalisy prze\u0142\u0105czalne, przekazuj\u0105ce maszyni\u015bcie informacje o zezwoleniach na jazd\u0119 i sygna\u0142ach wy\u015bwietlanych na semaforach oraz eurobalisy nieprze\u0142\u0105czalne stanowi\u0105ce uzupe\u0142nienie informacji. Dodatkowo w torze mo\u017ce by\u0107 zainstalowana europ\u0119tla b\u0119d\u0105ca punktowo-ci\u0105g\u0142ym uaktualnieniem informacji wy\u015bwietlanych na semaforze. W przypadku wyposa\u017cenia linii kolejowej poziomu 1 w GSM-R (Global System for Mobile Communications for Railway), podsystem ten mo\u017ce s\u0142u\u017cy\u0107 do uaktualnienia informacji przekazywanej przez eurobalisy, jak r\u00f3wnie\u017c mo\u017ce by\u0107 wykorzystywany do dwukierunkowej ci\u0105g\u0142ej transmisji danych pomi\u0119dzy torem a pojazdem w celu prowadzenia wst\u0119pnej obr\u00f3bki informacji przez urz\u0105dzenia przytorowej.<\/p>\n","protected":false},"excerpt":{"rendered":"<p>Poziom 1 systemu ETCS jest poziomem wst\u0119pnym, stanowi\u0105cym nak\u0142adk\u0119 na urz\u0105dzenia stacyjne oraz liniowe. Poziom ten zabezpiecza jazd\u0119 poci\u0105gu poprzez niedopuszczenie jazdy poci\u0105gu z pr\u0119dko\u015bci\u0105 wi\u0119ksz\u0105 ni\u017c dopuszczalna na danym odcinku linii kolejowej oraz zapewnienie, \u017ce poci\u0105g nie przejedzie poza miejsce wyznaczonego zatrzymania. Do urz\u0105dze\u0144 zamontowanych na lokomotywie wyposa\u017conej w system ETCS poziomu 1 zaliczamy: [&hellip;]<\/p>\n","protected":false},"author":1,"featured_media":0,"parent":0,"menu_order":0,"comment_status":"closed","ping_status":"closed","template":"","meta":{"footnotes":""},"class_list":["post-137","page","type-page","status-publish","hentry","entry"],"_links":{"self":[{"href":"https:\/\/ertms.pl\/index.php?rest_route=\/wp\/v2\/pages\/137","targetHints":{"allow":["GET"]}}],"collection":[{"href":"https:\/\/ertms.pl\/index.php?rest_route=\/wp\/v2\/pages"}],"about":[{"href":"https:\/\/ertms.pl\/index.php?rest_route=\/wp\/v2\/types\/page"}],"author":[{"embeddable":true,"href":"https:\/\/ertms.pl\/index.php?rest_route=\/wp\/v2\/users\/1"}],"replies":[{"embeddable":true,"href":"https:\/\/ertms.pl\/index.php?rest_route=%2Fwp%2Fv2%2Fcomments&post=137"}],"version-history":[{"count":1,"href":"https:\/\/ertms.pl\/index.php?rest_route=\/wp\/v2\/pages\/137\/revisions"}],"predecessor-version":[{"id":138,"href":"https:\/\/ertms.pl\/index.php?rest_route=\/wp\/v2\/pages\/137\/revisions\/138"}],"wp:attachment":[{"href":"https:\/\/ertms.pl\/index.php?rest_route=%2Fwp%2Fv2%2Fmedia&parent=137"}],"curies":[{"name":"wp","href":"https:\/\/api.w.org\/{rel}","templated":true}]}}