{"id":141,"date":"2023-10-09T18:01:38","date_gmt":"2023-10-09T18:01:38","guid":{"rendered":"https:\/\/ertms.pl\/?page_id=141"},"modified":"2023-10-09T18:01:38","modified_gmt":"2023-10-09T18:01:38","slug":"poziom-3","status":"publish","type":"page","link":"https:\/\/ertms.pl\/?page_id=141","title":{"rendered":"Poziom 3"},"content":{"rendered":"\n<p>Wprowadzenie poj\u0119cia ruchomego odst\u0119pu blokowego i rezygnacja z obwod\u00f3w torowych, oraz licznik\u00f3w osi jest mo\u017cliwa poprzez przeniesienie kontroli zaj\u0119to\u015bci tor\u00f3w z toru do pojazdu. Poci\u0105gi w konfiguracji poziomu 3 musz\u0105 by\u0107 wyposa\u017cone w urz\u0105dzenia poziomu 2, a dodatkowo w bezpieczny i niezawodny system kontroli ca\u0142o\u015bci sk\u0142adu poci\u0105gu. Pomimo wyposa\u017cenia toru w eurobalisy oraz radiowe centra sterowania, funkcje kontroli zaj\u0119to\u015bci tor\u00f3w s\u0105 realizowane w nieco odmienny spos\u00f3b.<\/p>\n","protected":false},"excerpt":{"rendered":"<p>Wprowadzenie poj\u0119cia ruchomego odst\u0119pu blokowego i rezygnacja z obwod\u00f3w torowych, oraz licznik\u00f3w osi jest mo\u017cliwa poprzez przeniesienie kontroli zaj\u0119to\u015bci tor\u00f3w z toru do pojazdu. Poci\u0105gi w konfiguracji poziomu 3 musz\u0105 by\u0107 wyposa\u017cone w urz\u0105dzenia poziomu 2, a dodatkowo w bezpieczny i niezawodny system kontroli ca\u0142o\u015bci sk\u0142adu poci\u0105gu. Pomimo wyposa\u017cenia toru w eurobalisy oraz radiowe centra [&hellip;]<\/p>\n","protected":false},"author":1,"featured_media":0,"parent":0,"menu_order":0,"comment_status":"closed","ping_status":"closed","template":"","meta":{"footnotes":""},"class_list":["post-141","page","type-page","status-publish","hentry","entry"],"_links":{"self":[{"href":"https:\/\/ertms.pl\/index.php?rest_route=\/wp\/v2\/pages\/141","targetHints":{"allow":["GET"]}}],"collection":[{"href":"https:\/\/ertms.pl\/index.php?rest_route=\/wp\/v2\/pages"}],"about":[{"href":"https:\/\/ertms.pl\/index.php?rest_route=\/wp\/v2\/types\/page"}],"author":[{"embeddable":true,"href":"https:\/\/ertms.pl\/index.php?rest_route=\/wp\/v2\/users\/1"}],"replies":[{"embeddable":true,"href":"https:\/\/ertms.pl\/index.php?rest_route=%2Fwp%2Fv2%2Fcomments&post=141"}],"version-history":[{"count":1,"href":"https:\/\/ertms.pl\/index.php?rest_route=\/wp\/v2\/pages\/141\/revisions"}],"predecessor-version":[{"id":142,"href":"https:\/\/ertms.pl\/index.php?rest_route=\/wp\/v2\/pages\/141\/revisions\/142"}],"wp:attachment":[{"href":"https:\/\/ertms.pl\/index.php?rest_route=%2Fwp%2Fv2%2Fmedia&parent=141"}],"curies":[{"name":"wp","href":"https:\/\/api.w.org\/{rel}","templated":true}]}}