{"id":47,"date":"2023-09-21T20:00:53","date_gmt":"2023-09-21T20:00:53","guid":{"rendered":"https:\/\/ertms.pl\/?page_id=47"},"modified":"2023-10-09T15:02:00","modified_gmt":"2023-10-09T15:02:00","slug":"informacje","status":"publish","type":"page","link":"https:\/\/ertms.pl\/?page_id=47","title":{"rendered":"Informacje"},"content":{"rendered":"\n<p class=\"has-small-font-size\">STRONA W BUDOWIE &#8211; zapraszamy wkr\u00f3tce<\/p>\n\n\n\n<p>ERTMS to nowoczesny system Zarz\u0105dzania Ruchem Kolejowym. Nowoczesny nie znaczy, \u017ce jest pozbawiony wad. Nowoczesny to nie wymaganie dla systemu. Nowoczesny oznacza spe\u0142niaj\u0105cy wymagania kolei w Europie. <\/p>\n\n\n\n<p><\/p>\n\n\n\n<p>Zapraszam do kontaktu, <\/p>\n\n\n\n<p>cabside@ertms.pl<\/p>\n\n\n\n<p>\u0141ukasz <\/p>\n","protected":false},"excerpt":{"rendered":"<p>STRONA W BUDOWIE &#8211; zapraszamy wkr\u00f3tce ERTMS to nowoczesny system Zarz\u0105dzania Ruchem Kolejowym. Nowoczesny nie znaczy, \u017ce jest pozbawiony wad. Nowoczesny to nie wymaganie dla systemu. Nowoczesny oznacza spe\u0142niaj\u0105cy wymagania kolei w Europie. Zapraszam do kontaktu, cabside@ertms.pl \u0141ukasz<\/p>\n","protected":false},"author":1,"featured_media":0,"parent":0,"menu_order":0,"comment_status":"closed","ping_status":"closed","template":"","meta":{"footnotes":""},"class_list":["post-47","page","type-page","status-publish","hentry","entry"],"_links":{"self":[{"href":"https:\/\/ertms.pl\/index.php?rest_route=\/wp\/v2\/pages\/47","targetHints":{"allow":["GET"]}}],"collection":[{"href":"https:\/\/ertms.pl\/index.php?rest_route=\/wp\/v2\/pages"}],"about":[{"href":"https:\/\/ertms.pl\/index.php?rest_route=\/wp\/v2\/types\/page"}],"author":[{"embeddable":true,"href":"https:\/\/ertms.pl\/index.php?rest_route=\/wp\/v2\/users\/1"}],"replies":[{"embeddable":true,"href":"https:\/\/ertms.pl\/index.php?rest_route=%2Fwp%2Fv2%2Fcomments&post=47"}],"version-history":[{"count":3,"href":"https:\/\/ertms.pl\/index.php?rest_route=\/wp\/v2\/pages\/47\/revisions"}],"predecessor-version":[{"id":72,"href":"https:\/\/ertms.pl\/index.php?rest_route=\/wp\/v2\/pages\/47\/revisions\/72"}],"wp:attachment":[{"href":"https:\/\/ertms.pl\/index.php?rest_route=%2Fwp%2Fv2%2Fmedia&parent=47"}],"curies":[{"name":"wp","href":"https:\/\/api.w.org\/{rel}","templated":true}]}}