{"id":68,"date":"2023-10-09T17:46:37","date_gmt":"2023-10-09T17:46:37","guid":{"rendered":"https:\/\/ertms.pl\/?page_id=68"},"modified":"2023-10-09T17:47:40","modified_gmt":"2023-10-09T17:47:40","slug":"high-speed-2","status":"publish","type":"page","link":"https:\/\/ertms.pl\/?page_id=68","title":{"rendered":"High-Speed"},"content":{"rendered":"<p class=\"high-speed wp-block-site-tagline has-small-font-size\">Koleje du\u017cych pr\u0119dko\u015bci<\/p>\n\n\n<figure class=\"wp-block-image size-full\"><img loading=\"lazy\" decoding=\"async\" width=\"352\" height=\"423\" src=\"https:\/\/ertms.pl\/wp-content\/uploads\/2023\/10\/obraz_2023-10-09_194524262.png\" alt=\"\" class=\"wp-image-124\" srcset=\"https:\/\/ertms.pl\/wp-content\/uploads\/2023\/10\/obraz_2023-10-09_194524262.png 352w, https:\/\/ertms.pl\/wp-content\/uploads\/2023\/10\/obraz_2023-10-09_194524262-250x300.png 250w\" sizes=\"auto, (max-width: 352px) 100vw, 352px\" \/><\/figure>\n","protected":false},"excerpt":{"rendered":"","protected":false},"author":1,"featured_media":0,"parent":0,"menu_order":0,"comment_status":"closed","ping_status":"closed","template":"","meta":{"footnotes":""},"class_list":["post-68","page","type-page","status-publish","hentry","entry"],"_links":{"self":[{"href":"https:\/\/ertms.pl\/index.php?rest_route=\/wp\/v2\/pages\/68","targetHints":{"allow":["GET"]}}],"collection":[{"href":"https:\/\/ertms.pl\/index.php?rest_route=\/wp\/v2\/pages"}],"about":[{"href":"https:\/\/ertms.pl\/index.php?rest_route=\/wp\/v2\/types\/page"}],"author":[{"embeddable":true,"href":"https:\/\/ertms.pl\/index.php?rest_route=\/wp\/v2\/users\/1"}],"replies":[{"embeddable":true,"href":"https:\/\/ertms.pl\/index.php?rest_route=%2Fwp%2Fv2%2Fcomments&post=68"}],"version-history":[{"count":2,"href":"https:\/\/ertms.pl\/index.php?rest_route=\/wp\/v2\/pages\/68\/revisions"}],"predecessor-version":[{"id":125,"href":"https:\/\/ertms.pl\/index.php?rest_route=\/wp\/v2\/pages\/68\/revisions\/125"}],"wp:attachment":[{"href":"https:\/\/ertms.pl\/index.php?rest_route=%2Fwp%2Fv2%2Fmedia&parent=68"}],"curies":[{"name":"wp","href":"https:\/\/api.w.org\/{rel}","templated":true}]}}